{"id":637,"date":"2016-10-25T14:41:06","date_gmt":"2016-10-25T12:41:06","guid":{"rendered":"http:\/\/www.nordharz.net\/elternhilfewp\/?page_id=637"},"modified":"2016-10-25T14:41:06","modified_gmt":"2016-10-25T12:41:06","slug":"aktionsteam","status":"publish","type":"page","link":"https:\/\/www.nordharz.net\/elternhilfewp\/aktionsteam\/","title":{"rendered":"Aktionsteam"},"content":{"rendered":"<h4><span class=\"xr_tl Normaler_Text\"><span class=\"Normaler_Text\">Aktionsteam f\u00fcr das Elternhaus G\u00f6ttingen<\/span><\/span><\/h4>\n<div id='gallery-1' class='gallery galleryid-637 gallery-columns-3 gallery-size-medium'><figure class='gallery-item'>\n\t\t\t<div class='gallery-icon landscape'>\n\t\t\t\t<a href='https:\/\/www.nordharz.net\/elternhilfewp\/wp-content\/uploads\/2016\/10\/Fr\u00fchlingsfest-2014-Danke-1.jpg'><img decoding=\"async\" width=\"300\" height=\"225\" src=\"https:\/\/www.nordharz.net\/elternhilfewp\/wp-content\/uploads\/2016\/10\/Fr\u00fchlingsfest-2014-Danke-1-300x225.jpg\" class=\"attachment-medium size-medium\" alt=\"Aktionsteam\" srcset=\"https:\/\/www.nordharz.net\/elternhilfewp\/wp-content\/uploads\/2016\/10\/Fr\u00fchlingsfest-2014-Danke-1-300x225.jpg 300w, https:\/\/www.nordharz.net\/elternhilfewp\/wp-content\/uploads\/2016\/10\/Fr\u00fchlingsfest-2014-Danke-1-768x576.jpg 768w, https:\/\/www.nordharz.net\/elternhilfewp\/wp-content\/uploads\/2016\/10\/Fr\u00fchlingsfest-2014-Danke-1.jpg 800w\" sizes=\"auto, (max-width: 300px) 100vw, 300px\" loading=\"lazy\" \/><\/a>\n\t\t\t<\/div><\/figure><figure class='gallery-item'>\n\t\t\t<div class='gallery-icon landscape'>\n\t\t\t\t<a href='https:\/\/www.nordharz.net\/elternhilfewp\/wp-content\/uploads\/2016\/10\/Fr\u00fchlingsfest-2014-Danke-3.jpg'><img decoding=\"async\" width=\"300\" height=\"225\" src=\"https:\/\/www.nordharz.net\/elternhilfewp\/wp-content\/uploads\/2016\/10\/Fr\u00fchlingsfest-2014-Danke-3-300x225.jpg\" class=\"attachment-medium size-medium\" alt=\"Aktionsteam\" srcset=\"https:\/\/www.nordharz.net\/elternhilfewp\/wp-content\/uploads\/2016\/10\/Fr\u00fchlingsfest-2014-Danke-3-300x225.jpg 300w, https:\/\/www.nordharz.net\/elternhilfewp\/wp-content\/uploads\/2016\/10\/Fr\u00fchlingsfest-2014-Danke-3-768x576.jpg 768w, https:\/\/www.nordharz.net\/elternhilfewp\/wp-content\/uploads\/2016\/10\/Fr\u00fchlingsfest-2014-Danke-3.jpg 800w\" sizes=\"auto, (max-width: 300px) 100vw, 300px\" loading=\"lazy\" \/><\/a>\n\t\t\t<\/div><\/figure><figure class='gallery-item'>\n\t\t\t<div class='gallery-icon landscape'>\n\t\t\t\t<a href='https:\/\/www.nordharz.net\/elternhilfewp\/wp-content\/uploads\/2016\/10\/Fr\u00fchlingsfest-2014-Danke-2.jpg'><img decoding=\"async\" width=\"300\" height=\"225\" src=\"https:\/\/www.nordharz.net\/elternhilfewp\/wp-content\/uploads\/2016\/10\/Fr\u00fchlingsfest-2014-Danke-2-300x225.jpg\" class=\"attachment-medium size-medium\" alt=\"Aktionsteam\" srcset=\"https:\/\/www.nordharz.net\/elternhilfewp\/wp-content\/uploads\/2016\/10\/Fr\u00fchlingsfest-2014-Danke-2-300x225.jpg 300w, https:\/\/www.nordharz.net\/elternhilfewp\/wp-content\/uploads\/2016\/10\/Fr\u00fchlingsfest-2014-Danke-2-768x576.jpg 768w, https:\/\/www.nordharz.net\/elternhilfewp\/wp-content\/uploads\/2016\/10\/Fr\u00fchlingsfest-2014-Danke-2.jpg 800w\" sizes=\"auto, (max-width: 300px) 100vw, 300px\" loading=\"lazy\" \/><\/a>\n\t\t\t<\/div><\/figure>\n\t\t<\/div>\n\n<div class=\"one_half\">\n<p>Als im November 2006 das erste Adventscaf\u00e9 f\u00fcr die Elternhilfe G\u00f6ttingen stattfand, ahnte niemand, wie weitgreifend das Engagement und die Hilfe einmal wird.<\/p>\n<p>Stand mir zum ersten Termin nur Beate Bernhagen an dem noch kleinen Kuchentresen zur Seite, so waren es beim nachfolgenden Fr\u00fchlingscaf\u00e9 schon einige Helfer mehr. Und das erste Sommerfest, \u00fcbrigens bei Weltuntergangswetter, hatte schon ca. 15 Helfer. Im August 2007 sorgten Mitarbeiter des real,- Goslar und der Sozialstation Drude f\u00fcr die Kurzweil der Kinder. In den ersten Jahren nahmen die Kinder die Angebote zum Basteln, Werkeln und Spielen freudig an. Doch das Interesse sank von Mal zu Mal. Im Sommer 2008 unterst\u00fctzt erstmalig die Werniger\u00f6der Sportjugend das Kreativteam. Seit 2010 ist die Werniger\u00f6der Sportjugend mit H\u00fcpfburg, Kreativspielen, Kinderschminken und Gl\u00fccksrad allein f\u00fcr die Spiele der Kinder zust\u00e4ndig. Der Bonbonregen wird weiterhin vom Aktionsteam durchgef\u00fchrt.<\/p>\n<p>Vorschl\u00e4ge aus dem Kollegen- und Kundenkreis erweiterten das Programm des Aktionscaf\u00e9s st\u00e4ndig. Ab November 2008 gab es die Kuscheltiere, die dann zum Spielzeug- und Kuscheltierbasar anwuchsen. Im Sommer 2009 fing unser heute sehr attraktiver Flohmarkt ganz klein an und ist nun unser gro\u00dfer Publikumsmagnet. Und im November 2009 pr\u00e4sentierten wir Auf Anregung einer Stammkundin erstmals einen Adventsbasar, der inzwischen zu einem Jahreszeitenbasar angewachsen ist.<\/p>\n<p>St\u00e4ndig neue Attraktionen ben\u00f6tigen auch immer mehr Helfer. Inzwischen sorgen ca. 45 Personen f\u00fcr einen m\u00f6glichst reibungslosen Ablauf. Dazu kommen ca. 100 B\u00e4ckerinnen und B\u00e4cker(aus dem Harzer Raum und Harzumland, Hildesheim, Braunschweig und im Advent aus Uelzen, Wendland Raum L\u00fcneburger Heide), sowie ca. 30 Handarbeiterinnen, Bastlerinnen und Handwerker, die niedersachsenweit, in Sachsen-Anhalt und im Raum Bremen verteilt sind.<\/p>\n<p>F\u00fcr das Aush\u00e4ngen der Infoplakate und Verteilen der Handzettel gibt es immer wieder neue Ideen und Helfer. Da werden z.B. bei Wanderungen Lokale um Aushang gebeten, Friseure, Sparkassen, Physiotherapiepraxen, vielf\u00e4ltige Gesch\u00e4fte, Beh\u00f6rden, Vereine, Fahrdienstunternehmen, Haushaltshilfen, Fu\u00dfpflegerinnen usw. mit Handzetteln versorgt und um Verteilung gebeten. Wo es irgend m\u00f6glich ist, wird von den Aktionen erz\u00e4hlt und somit kr\u00e4ftig die Werbetrommel au\u00dferhalb der Presse und des Internet ger\u00fchrt. Die Flyer lasse ich bei der Werbeagentur Loof drucken, die Aush\u00e4nge und Plakate zu den Aktionen druckt meine Kollegin Fr. Werger von der Deko des real,- Goslar.<\/p>\n<p>Heute wollen wir unseren Helferkreis einmal vorstellen. Da die Idee w\u00e4hrend des Fr\u00fchlingscaf\u00e9s geboren wurde und einige der Helfer nur zu den Aktionen vor 0rt sind, m\u00fcssen Fotos nach dem Sommerfest nachgeliefert werden.<\/p>\n<p>Beginnen wir mit dem Auf- und Abbau.<br \/>\nDer Hausmeister des Marktes, Herr Schubert, bringt zwar viele Gebrauchsgegenst\u00e4nd3e vom Boden herunter, der Aufbau muss jedoch abends vor der Aktion erfolgen. Hier m\u00fcssen viele Tische getragen, Truhen verr\u00fcckt und viel geputzt werden. Wir sind sehr froh, f\u00fcr diese Aufgaben ein paar junge M\u00e4nner im Team zu haben, die nach ihrer Arbeit zu uns eilen und beim Auf- und Abbau helfen. Mich\u00e9l Bernhagen, Frank Helbig und Thorsten Kotzlik sind unsere Jungbrunnen, die Siegfried Latta, Hans- Georg Lang und Lothar Kolan bei den schweren Tischen und Truhen helfen und sie an 0rt und Stelle bringen. Ulla Herrmann, Ursel Apel, Evelyn Schorn, Inge Lang, Beate Bernhagen, Susi Latta und ich sind dann f\u00fcr die anderen Aufgaben wie St\u00fchle tragen, Truhen und Tische putzen und Dekoration zust\u00e4ndig. Seit dem letzten Fr\u00fchlingscaf\u00e9 hilft auch Fr. Ronneburg mit Felix. Der Aufbau dauert in der Regel ca. 2,5 bis 3 Stunden. Zum Abbau helfen, wenn wir Gl\u00fcck haben, wieder die jungen M\u00e4nner. Haben diese mal keine Zeit, ist Frauenpower gefragt.<\/p>\n<p>D\u00f6nd\u00fc L\u00fcdke braucht f\u00fcr den Auf- und Abbau des Flohmarktes naturgem\u00e4\u00df wesentlich l\u00e4nger. Auch sie freut sich \u00fcber die aktive Unterst\u00fctzung ihres Mannes und ihrer Kinder, sowie von Ute Homburg und Rainer Wachsmann. Zeitweilig helfen noch andere Bekannte in wechselnder Formation. Zwischen den jeweiligen Aktionen ist Frau L\u00fcdke viele Stunden mit dem eigenen Auto unterwegs um Flohmarktartikel von den Spendern abzuholen, die kein eigenes Auto haben oder aber kr\u00e4ftem\u00e4\u00dfig nicht mehr in der Lage sind, die Artikel selbst vorbei zu bringen. Diese und die direkt zum real,- gebrachten Spenden m\u00fcssen ordentlich zwischengelagert werden und Frau L\u00fcdke verbringt viele Stunden auf dem Boden mit Sortieren und Einordnen der Spenden. Da kommen locker mal so um die 100 Stunden f\u00fcr eine Aktion zusammen.<\/p>\n<p>Auch ein gro\u00dfer Teil der Basarspenden wird zwischenzeitlich gebracht und auf dem Boden gelagert. Daher bereite ich den Basar einige Tage vorher mit Unterst\u00fctzung von Fr. Sch\u00f6nberg vor.<\/p>\n<p>Zu jeder Aktion spendet uns Caf\u00e9 Anders zwei Torten, die Fr. Walter f\u00fcr uns abholt.<\/p>\n<p>Zu allen Aktionstagen informieren die Helfer im Vorfeld, zu welchen Zeiten sie evtl. helfen k\u00f6nnen. Hieraus erstelle ich einen mit den Helfern abgestimmten Einsatzplan und hoffe jedes Mal, dass nicht zu viele Ausf\u00e4lle wegen Krankheit oder Arbeitszeit\u00e4nderung anfallen, die kurzfristig nicht immer aufgefangen werden k\u00f6nnen.<\/p>\n<\/div><div class=\"one_half last\">\n<p>Im Caf\u00e9 und im hinteren Bereich (Vorbereitung, Kaffee kochen, Brote belegen, Salate abwiegen und abf\u00fcllen, abwaschen \u2013 und im Sommer Vorbereitung des Bonbonregens) arbeiten:<br \/>\nFr. Heibei, Fr. Ehrenberg-Stiebig, Fr. R\u00f6ttger (hilft auch beim Flohmarkt), Fr. B. Schl\u00fcter, Fr. Gei\u00dfler, Fr. Priemer, Fr. Stolze, Fr. Apel, Fr. S. Latta (hilft auch beim Basar), Fr. Walte, Fr. Eckart, Fr. Goermann, Fr. Masberg, Fr. Berthold, Fr. Riedel, Fr. Ilauski, Fr. Bernhagen, Fr. Herrmann, Fr. Schorn, Fr. Siebels, Fr. Uhlemann. F\u00fcr den Basar sind Fr. Deike und Fr. Wei\u00df zust\u00e4ndig, unterst\u00fctzt von Fr. Latta und Fr. Schorn.<\/p>\n<p>Dank der vielf\u00e4ltigen Spenden k\u00f6nnen die Damen einen tollen Basar pr\u00e4sentieren. Fr. Deike sorgt zu jeder Aktion f\u00fcr zauberhafte Tischw\u00e4sche. Nicht nur bl\u00fctenwei\u00dfe Tischdecken, auch jahreszeitenbezogene L\u00e4ufer, h\u00e4ufig mit farblich passender Deko, schm\u00fccken die Tische im Caf\u00e9 und erfreuen unsere G\u00e4ste. Au\u00dferdem packt Fr. Deike den \u00fcberwiegenden Teil der \u00dcberraschungsp\u00e4ckchen.<\/p>\n<p>Mehrfach wurden schon Geburtstage und einmal sogar eine Goldene Hochzeit bei uns gefeiert. Die Tische werden hierf\u00fcr besonders eingedeckt und die Bedienung entsprechend eingeteilt. Dies ist die Aufgabe von Frau Herrmann.<\/p>\n<p>Die Kinderch\u00f6re m\u00fcssen vor und nach dem Auftritt mit Getr\u00e4nken versorgt werden. Nach dem Auftritt gibt es je nach Jahreszeit ein Eis oder eine kleine \u00dcberraschung. Auch hierf\u00fcr ist Fr. Herrmann zust\u00e4ndig.<\/p>\n<p>Fr. L\u00fcdke wird auf dem Flohmarkt von Fr. Nowottnick und Fr. R\u00f6ttger unterst\u00fctzt, in den Vorjahren auch sehr intensiv von ihrer Schwester. Im Sommer gibt es noch den Au\u00dfenflohmarkt dazu, hier freut sich Fr. L\u00fcdke \u00fcber die Unterst\u00fctzung ihrer Kinder.<\/p>\n<p>Den Spielzeug- und Kuscheltierbasar betreut Siegfried Latta. Au\u00dferdem ist er das \u201eTortentaxi\u201c f\u00fcr die Torten- und Kuchenspenden, die nicht zum real,- gebracht werden k\u00f6nnen. Gibt es w\u00e4hrend der Aktion Probleme, wird Herr Latta meistens zur L\u00f6sung herangezogen.<\/p>\n<p>Unsere Rezepthefte, inzwischen 5 Normalb\u00e4nde und 2 Adventsb\u00e4nde, stellt Fr. Siebels her. Im Advent m\u00fcssen riesige Mengen Kekse &#8211; Dosen und T\u00fcten, die zwei Einkaufswagen f\u00fcllen &#8211; gewogen und in Adventst\u00fcten gef\u00fcllt werden. Das dauert ca. 2,5 bis 3 Stunden. Die flei\u00dfigen Keksbienen sind Fr. Micke, Fr. Schorn, Fr. Herrmann, Fr. Apel, Fr. Siebels, Fr. B. Schl\u00fcter, Fr. Deike, Fr. Stolze, Fr. Gei\u00dfler &#8211; und nat\u00fcrlich bin ich auch dabei.<\/p>\n<p>Im Advent erz\u00e4hlt unsere M\u00e4rchenoma Else Wagner seit 2012 den Kindern spannende Geschichten rund um die Weihnachtszeit aus ihrer eigenen Kindheit. Und sie kennt sich nat\u00fcrlich auch in der Welt der M\u00e4rchen und Weihnachtsgeschichten aus und wei\u00df diese spannend zu erz\u00e4hlen. Bislang sind nur vereinzelt Kinder zur M\u00e4rchenstunde gekommen. Wir w\u00fcrden uns w\u00fcnschen, dass auch einmal Kindergartengruppen oder Grundschulklassen den Weg zu unserer M\u00e4rchenoma finden und spannendes aus Kinderjahren des vorigen Jahrhunderts erfahren.<br \/>\nBeim Empfang und Betreuung dieser Kindergruppen unterst\u00fctzt mich dann Frau Herrmann. Und wir haben noch etwas Besonderes: Jeden Nachmittag von 15.00 Uhr bis 17.00 Uhr unterh\u00e4lt Bruno Niemeyer unsere G\u00e4ste mit bekannten und selbst komponierten Melodien vom Keyboard. Viele Stammkunden kommen extra zu dieser Zeit, weil ihnen die gut klingenden Melodien so gut gefallen.<\/p>\n<p>Jeder der Helfer\/innen bringt sich mit seinen spezifischen F\u00e4higkeiten ein. Diese F\u00e4higkeiten sorgen daf\u00fcr, dass wir ein tolles Team geworden sind, das alle Bereiche gut abdecken kann und bei Problemen oder Schwierigkeiten bald eine L\u00f6sung findet. Die Mithilfe ist einigen so wichtig, dass sogar eine Anfahrt von 50 km nur f\u00fcr die Hilfe beim Aufbau in Kauf oder aber der Urlaub zu den Aktionsterminen genommen wird.<\/p>\n<p>Bei der Organisation des DANKE\u00b4S f\u00fcr die Helferinnen und Helfer kann ich immer auf die Unterst\u00fctzung von Fr. Herrmann z\u00e4hlen. Die Kolleginnen Fr. Schorn, Fr. Uhlemann, Fr. Siebels und die ehemalige Kollegin Fr. Apel helfen dann beim Aufr\u00e4umen und Abbau des Caf\u00e9tisches.<\/p>\n<p>F\u00fcr die 0rganisation und Nachbereitung einer Aktion ben\u00f6tige ich zwischen 100 und 120 Stunden. Darin enthalten sind auch die Zeiten f\u00fcr die Pressearbeit und Erstellung der Infoordner. Inzwischen habe ich gelernt, auch 0rganisationsaufgaben zu delegieren. Diese Aufgaben \u00fcbernimmt meistens Fr. Herrmann. In dem Stundenvolumen sind nicht die Stunden f\u00fcr die Besuche des Elternhauses mit Helfergruppen (auch hiervon gab es schon Berichte und wird es auch in diesem Jahr geben) enthalten. An den Aktionstagen werden von allen Helfern zusammen durchschnittlich 350 Arbeitsstunden geleistet, im Advent sind es dann noch einmal ca. 100 Stunden mehr.<\/p>\n<p>Wir hoffen, noch sehr lange f\u00fcr das Elternhaus G\u00f6ttingen t\u00e4tig sein zu k\u00f6nnen. Solange wir die M\u00f6glichkeit der Durchf\u00fchrung im real,- Goslar haben, wird uns kaum etwas ausbremsen k\u00f6nnen. Wir brauchen aber weiterhin die gro\u00dfe Unterst\u00fctzung durch die Besucher unserer Aktionen \u2013 also von Ihnen.<\/p>\n<p>Karin Kolan<br \/>\nOrganisatorin<\/p>\n<\/div><div class=\"clear\"><\/div>\n","protected":false},"excerpt":{"rendered":"<p>Aktionsteam f\u00fcr das Elternhaus G\u00f6ttingen<\/p>\n","protected":false},"author":1,"featured_media":0,"parent":0,"menu_order":0,"comment_status":"closed","ping_status":"closed","template":"","meta":{"footnotes":""},"class_list":["post-637","page","type-page","status-publish",""],"_links":{"self":[{"href":"https:\/\/www.nordharz.net\/elternhilfewp\/wp-json\/wp\/v2\/pages\/637","targetHints":{"allow":["GET"]}}],"collection":[{"href":"https:\/\/www.nordharz.net\/elternhilfewp\/wp-json\/wp\/v2\/pages"}],"about":[{"href":"https:\/\/www.nordharz.net\/elternhilfewp\/wp-json\/wp\/v2\/types\/page"}],"author":[{"embeddable":true,"href":"https:\/\/www.nordharz.net\/elternhilfewp\/wp-json\/wp\/v2\/users\/1"}],"replies":[{"embeddable":true,"href":"https:\/\/www.nordharz.net\/elternhilfewp\/wp-json\/wp\/v2\/comments?post=637"}],"version-history":[{"count":5,"href":"https:\/\/www.nordharz.net\/elternhilfewp\/wp-json\/wp\/v2\/pages\/637\/revisions"}],"predecessor-version":[{"id":643,"href":"https:\/\/www.nordharz.net\/elternhilfewp\/wp-json\/wp\/v2\/pages\/637\/revisions\/643"}],"wp:attachment":[{"href":"https:\/\/www.nordharz.net\/elternhilfewp\/wp-json\/wp\/v2\/media?parent=637"}],"curies":[{"name":"wp","href":"https:\/\/api.w.org\/{rel}","templated":true}]}}