{"id":451,"date":"2016-10-25T14:40:44","date_gmt":"2016-10-25T12:40:44","guid":{"rendered":"http:\/\/www.nordharz.net\/elternhilfewp\/?page_id=451"},"modified":"2016-10-26T15:57:57","modified_gmt":"2016-10-26T13:57:57","slug":"aktionscafes","status":"publish","type":"page","link":"https:\/\/www.nordharz.net\/elternhilfewp\/aktionscafes\/","title":{"rendered":"Aktionscafes"},"content":{"rendered":"<h4>Aktionscafes zu Gunsten der Stiftung Elternhaus an der Universit\u00e4tskinderklinik G\u00f6ttingen<\/h4>\n<div class=\"one_half\">(ein Bericht von Karin Kolan, Organisatorin der Aktionen) Im Jahre 2006 veranstalteten Mitarbeiter vom real,- Goslar diverse Aktionen, die den Kunden den Einkauf im real,- versch\u00f6nten.<\/p>\n<p>Mir kam dabei die Idee, nicht nur f\u00fcr Kunden etwas Tolles zu bieten, sondern gleichzeitig auch f\u00fcr Mitmenschen, denen es nicht so gut geht, etwas zu tun. W\u00e4hrend dieser \u00dcberlegungen las ich in der GZ einen Artikel einer Stammkundin, die von ihrem Aufenthalt mit der Familie im Elternhaus w\u00e4hrend der Erkrankung ihres \u00e4ltesten Sohnes berichtete. Der Bericht bewegte mich sehr und zeigte mir auch gleichzeitig auf, f\u00fcr wen wir unsere Aktion durchf\u00fchren k\u00f6nnten.<\/p>\n<p>Die Idee war geboren und im Gespr\u00e4ch mit unserem damaligen Gesch\u00e4ftsleiter auch umgehend die Genehmigung zur Durchf\u00fchrung von noch zu bestimmenden Aktionen erteilt. Doch nicht nur kranke Kinder sollten in den Genuss unserer Aktion kommen, auch f\u00fcr Pflegebed\u00fcrftige in der h\u00e4uslichen Pflege sollte etwas getan werden. In Gespr\u00e4chen im Kollegenkreis, mit Verwandten, Bekannten und Freunden stellte sich heraus, dass wir ein Adventscaf\u00e9 veranstalten mit selbst gebackenen Torten, Kuchen, Stollen und Pl\u00e4tzchen.<\/p>\n<p>Die selbst gebackenen Pl\u00e4tzen wurden in T\u00fcten zu einem geringeren Preis verkauft, wenn diese f\u00fcr Pflegebed\u00fcrftige in der h\u00e4uslichen Pflege gespendet wurden. Viel Unterst\u00fctzung bekam ich von Fr. Bernhagen von der Sozialstation Drude, die mit solchen Aktionen schon Erfahrung hatte. Inzwischen hat sich eine tolle Zusammenarbeit entwickelt, die jetzt mit dem Curanum weitergef\u00fchrt wird.<\/p>\n<p>Somit f\u00fchrten wir im November 2006 unser erstes Adventscafe durch und waren m\u00e4chtig stolz auf unsere Spendensumme von 370,00 \u20ac. Doch unsere Bitte bei der Presse um Berichterstattung wurde abschl\u00e4gig beschieden. Wir sollten uns melden, wenn wir die Spendensumme von 1.000,- \u20ac erreicht haben. Das lie\u00dfen wir uns nicht zweimal sagen und starteten mit einem Fr\u00fchlings-caf\u00e9 im M\u00e4rz 2007 durch, das in zwei Tagen bereits 500,- \u20ac einbrachte. Im Sommer 2007 besuchten wir das Elternhaus.<\/p>\n<p>Dieser Besuch war so bewegend, dass uns allen klar war: wir m\u00fcssen noch viel mehr tun! Und weiter ging es mit unserem ersten Kinder- und Sommerfest bei Weltuntergangswetter und einer Spendensumme von 602,50 \u20ac f\u00fcr nur einen Tag. Wir mussten morgens um 06.00 Uhr unsere gesamte Planung umwerfen und einen neuen Platz f\u00fcr unser Caf\u00e9 finden. Seitdem haben wir ein gem\u00fctliches Eckchen zwischen Apotheke und Post im Eingangsbereich des Marktes. Und dann kam das zweite Adventscafe im November 2007 mit einer Spendensumme von 1.200,- \u20ac. In nur einem Jahr haben wir unsere Spendensumme um das 2,5 fache erh\u00f6ht.<\/p>\n<p>Seitdem f\u00fchren wir in jedem Jahr drei Aktionscaf\u00e9s durch: Im M\u00e4rz aus Anla\u00df des Weltfrauentages um den 08.03. herum am Freitag und Samstag, in den Sommerferien ein Kinder- und Sommerfest, auch am Freitag und Samstag und im November ein Adventscaf\u00e9 immer von Montag bis Mittwoch vor dem 1. Advent.<\/p>\n<p>Geboten werden hausgebackene Torten und Kuchen und hausgemachte Salate.<\/p>\n<p>Im November kommen noch hausgebackene Stollen und Pl\u00e4tzchen dazu (die Pl\u00e4tzchen kommen teilweise aus dem Wendtland, Uelzen, Bad Bevensen, Braunschweig, sowie dem Harzumland).<\/p>\n<p>Seit 2008 werden gebrauchte Kuscheltiere und Spielzeug verkauft. Seit Sommer 2009 findet zu jeder Aktion ein Mitarbeiterflohmarkt statt, der von Anfang an sehr erfolgreich ist.<\/p>\n<p>Seit November veranstalten wir auf Anregung von zwei Stammkundinnen auch einen Basar mit Basteleien und Aktionscafes zu Gunsten der Stiftung Elternhaus an der Universit\u00e4tskinderklinik G\u00f6ttingen Handarbeiten. Inzwischen wird von Hildesheim bis L\u00fcbeck, vom Wendtland bis zum Harz gebastelt und gehandarbeitet.<\/p>\n<p>Gutscheinaktionen von Silvies D\u00e4nischen Eisspezialit\u00e4ten, dem Landhof-Stand und der Linda-Apotheke runden das Angebot ab.<\/p>\n<p>Von November 2006 bis November 2011 konnte die Gesamtspendensumme von 39.323,50 \u20ac \u00fcberreicht werden. Die Elternhilfe ist immer schon ganz gl\u00fccklich, wenn in Goslar ein Termin ansteht.<\/p>\n<p>Diese tolle Leistung k\u00f6nnen wir jedoch nur erbringen, wenn wir gen\u00fcgend Torten- und Kuchenspenden, Handarbeiten, Basteleien und gut erhaltene Flohmarktartikel bekommen. Auch Hilfe vor Ort wird an den Aktionstagen immer mehr ben\u00f6tigt.<\/p>\n<p>Seit November veranstalten wir auf Anregung von zwei Stammkundinnen auch einen Basar mit Basteleien und Aktionscafes zu Gunsten der Stiftung Elternhaus an der Universit\u00e4tskinderklinik G\u00f6ttingen Handarbeiten. Inzwischen wird von Hildesheim bis L\u00fcbeck, vom Wendtland bis zum Harz gebastelt und gehandarbeitet.<\/p>\n<\/div>\n<div class=\"one_half last\">\n<div id='gallery-1' class='gallery galleryid-451 gallery-columns-2 gallery-size-medium'><figure class='gallery-item'>\n\t\t\t<div class='gallery-icon landscape'>\n\t\t\t\t<a href='https:\/\/www.nordharz.net\/elternhilfewp\/wp-content\/uploads\/2016\/10\/Bild-01.bearbeitet.jpg'><img decoding=\"async\" width=\"300\" height=\"225\" src=\"https:\/\/www.nordharz.net\/elternhilfewp\/wp-content\/uploads\/2016\/10\/Bild-01.bearbeitet-300x225.jpg\" class=\"attachment-medium size-medium\" alt=\"Bild 01 bearbeitet 300x225\" srcset=\"https:\/\/www.nordharz.net\/elternhilfewp\/wp-content\/uploads\/2016\/10\/Bild-01.bearbeitet-300x225.jpg 300w, https:\/\/www.nordharz.net\/elternhilfewp\/wp-content\/uploads\/2016\/10\/Bild-01.bearbeitet-768x576.jpg 768w, https:\/\/www.nordharz.net\/elternhilfewp\/wp-content\/uploads\/2016\/10\/Bild-01.bearbeitet.jpg 800w\" sizes=\"auto, (max-width: 300px) 100vw, 300px\" loading=\"lazy\" \/><\/a>\n\t\t\t<\/div><\/figure><figure class='gallery-item'>\n\t\t\t<div class='gallery-icon landscape'>\n\t\t\t\t<a href='https:\/\/www.nordharz.net\/elternhilfewp\/wp-content\/uploads\/2016\/10\/Bild-02.bearbeitet.jpg'><img decoding=\"async\" width=\"300\" height=\"225\" src=\"https:\/\/www.nordharz.net\/elternhilfewp\/wp-content\/uploads\/2016\/10\/Bild-02.bearbeitet-300x225.jpg\" class=\"attachment-medium size-medium\" alt=\"Bild 02 bearbeitet 300x225\" srcset=\"https:\/\/www.nordharz.net\/elternhilfewp\/wp-content\/uploads\/2016\/10\/Bild-02.bearbeitet-300x225.jpg 300w, https:\/\/www.nordharz.net\/elternhilfewp\/wp-content\/uploads\/2016\/10\/Bild-02.bearbeitet-768x576.jpg 768w, https:\/\/www.nordharz.net\/elternhilfewp\/wp-content\/uploads\/2016\/10\/Bild-02.bearbeitet.jpg 800w\" sizes=\"auto, (max-width: 300px) 100vw, 300px\" loading=\"lazy\" \/><\/a>\n\t\t\t<\/div><\/figure><figure class='gallery-item'>\n\t\t\t<div class='gallery-icon landscape'>\n\t\t\t\t<a href='https:\/\/www.nordharz.net\/elternhilfewp\/wp-content\/uploads\/2016\/10\/Bild-03.bearbeitet.jpg'><img decoding=\"async\" width=\"300\" height=\"225\" src=\"https:\/\/www.nordharz.net\/elternhilfewp\/wp-content\/uploads\/2016\/10\/Bild-03.bearbeitet-300x225.jpg\" class=\"attachment-medium size-medium\" alt=\"Bild 03 bearbeitet 300x225\" srcset=\"https:\/\/www.nordharz.net\/elternhilfewp\/wp-content\/uploads\/2016\/10\/Bild-03.bearbeitet-300x225.jpg 300w, https:\/\/www.nordharz.net\/elternhilfewp\/wp-content\/uploads\/2016\/10\/Bild-03.bearbeitet-768x576.jpg 768w, https:\/\/www.nordharz.net\/elternhilfewp\/wp-content\/uploads\/2016\/10\/Bild-03.bearbeitet.jpg 800w\" sizes=\"auto, (max-width: 300px) 100vw, 300px\" loading=\"lazy\" \/><\/a>\n\t\t\t<\/div><\/figure><figure class='gallery-item'>\n\t\t\t<div class='gallery-icon landscape'>\n\t\t\t\t<a href='https:\/\/www.nordharz.net\/elternhilfewp\/wp-content\/uploads\/2016\/10\/Bild-04.bearbeitet.jpg'><img decoding=\"async\" width=\"300\" height=\"225\" src=\"https:\/\/www.nordharz.net\/elternhilfewp\/wp-content\/uploads\/2016\/10\/Bild-04.bearbeitet-300x225.jpg\" class=\"attachment-medium size-medium\" alt=\"Bild 04 bearbeitet 300x225\" srcset=\"https:\/\/www.nordharz.net\/elternhilfewp\/wp-content\/uploads\/2016\/10\/Bild-04.bearbeitet-300x225.jpg 300w, https:\/\/www.nordharz.net\/elternhilfewp\/wp-content\/uploads\/2016\/10\/Bild-04.bearbeitet-768x576.jpg 768w, https:\/\/www.nordharz.net\/elternhilfewp\/wp-content\/uploads\/2016\/10\/Bild-04.bearbeitet.jpg 800w\" sizes=\"auto, (max-width: 300px) 100vw, 300px\" loading=\"lazy\" \/><\/a>\n\t\t\t<\/div><\/figure><figure class='gallery-item'>\n\t\t\t<div class='gallery-icon landscape'>\n\t\t\t\t<a href='https:\/\/www.nordharz.net\/elternhilfewp\/wp-content\/uploads\/2016\/10\/Bild-05.bearbeitet.jpg'><img decoding=\"async\" width=\"300\" height=\"225\" src=\"https:\/\/www.nordharz.net\/elternhilfewp\/wp-content\/uploads\/2016\/10\/Bild-05.bearbeitet-300x225.jpg\" class=\"attachment-medium size-medium\" alt=\"Bild 05 bearbeitet 300x225\" srcset=\"https:\/\/www.nordharz.net\/elternhilfewp\/wp-content\/uploads\/2016\/10\/Bild-05.bearbeitet-300x225.jpg 300w, https:\/\/www.nordharz.net\/elternhilfewp\/wp-content\/uploads\/2016\/10\/Bild-05.bearbeitet-768x576.jpg 768w, https:\/\/www.nordharz.net\/elternhilfewp\/wp-content\/uploads\/2016\/10\/Bild-05.bearbeitet.jpg 800w\" sizes=\"auto, (max-width: 300px) 100vw, 300px\" loading=\"lazy\" \/><\/a>\n\t\t\t<\/div><\/figure><figure class='gallery-item'>\n\t\t\t<div class='gallery-icon landscape'>\n\t\t\t\t<a href='https:\/\/www.nordharz.net\/elternhilfewp\/wp-content\/uploads\/2016\/10\/Bild-06.bearbeitet.jpg'><img decoding=\"async\" width=\"300\" height=\"225\" src=\"https:\/\/www.nordharz.net\/elternhilfewp\/wp-content\/uploads\/2016\/10\/Bild-06.bearbeitet-300x225.jpg\" class=\"attachment-medium size-medium\" alt=\"Bild 06 bearbeitet 300x225\" srcset=\"https:\/\/www.nordharz.net\/elternhilfewp\/wp-content\/uploads\/2016\/10\/Bild-06.bearbeitet-300x225.jpg 300w, https:\/\/www.nordharz.net\/elternhilfewp\/wp-content\/uploads\/2016\/10\/Bild-06.bearbeitet-768x576.jpg 768w, https:\/\/www.nordharz.net\/elternhilfewp\/wp-content\/uploads\/2016\/10\/Bild-06.bearbeitet.jpg 800w\" sizes=\"auto, (max-width: 300px) 100vw, 300px\" loading=\"lazy\" \/><\/a>\n\t\t\t<\/div><\/figure><figure class='gallery-item'>\n\t\t\t<div class='gallery-icon landscape'>\n\t\t\t\t<a href='https:\/\/www.nordharz.net\/elternhilfewp\/wp-content\/uploads\/2016\/10\/Bild-07.bearbeitet.jpg'><img decoding=\"async\" width=\"300\" height=\"225\" src=\"https:\/\/www.nordharz.net\/elternhilfewp\/wp-content\/uploads\/2016\/10\/Bild-07.bearbeitet-300x225.jpg\" class=\"attachment-medium size-medium\" alt=\"Bild 07 bearbeitet 300x225\" srcset=\"https:\/\/www.nordharz.net\/elternhilfewp\/wp-content\/uploads\/2016\/10\/Bild-07.bearbeitet-300x225.jpg 300w, https:\/\/www.nordharz.net\/elternhilfewp\/wp-content\/uploads\/2016\/10\/Bild-07.bearbeitet-768x576.jpg 768w, https:\/\/www.nordharz.net\/elternhilfewp\/wp-content\/uploads\/2016\/10\/Bild-07.bearbeitet.jpg 800w\" sizes=\"auto, (max-width: 300px) 100vw, 300px\" loading=\"lazy\" \/><\/a>\n\t\t\t<\/div><\/figure><figure class='gallery-item'>\n\t\t\t<div class='gallery-icon landscape'>\n\t\t\t\t<a href='https:\/\/www.nordharz.net\/elternhilfewp\/wp-content\/uploads\/2016\/10\/Bild-08.bearbeitet.jpg'><img decoding=\"async\" width=\"300\" height=\"225\" src=\"https:\/\/www.nordharz.net\/elternhilfewp\/wp-content\/uploads\/2016\/10\/Bild-08.bearbeitet-300x225.jpg\" class=\"attachment-medium size-medium\" alt=\"Bild 08 bearbeitet 300x225\" srcset=\"https:\/\/www.nordharz.net\/elternhilfewp\/wp-content\/uploads\/2016\/10\/Bild-08.bearbeitet-300x225.jpg 300w, https:\/\/www.nordharz.net\/elternhilfewp\/wp-content\/uploads\/2016\/10\/Bild-08.bearbeitet-768x576.jpg 768w, https:\/\/www.nordharz.net\/elternhilfewp\/wp-content\/uploads\/2016\/10\/Bild-08.bearbeitet.jpg 800w\" sizes=\"auto, (max-width: 300px) 100vw, 300px\" loading=\"lazy\" \/><\/a>\n\t\t\t<\/div><\/figure><figure class='gallery-item'>\n\t\t\t<div class='gallery-icon landscape'>\n\t\t\t\t<a href='https:\/\/www.nordharz.net\/elternhilfewp\/wp-content\/uploads\/2016\/10\/Bild-09.bearbeitet.jpg'><img decoding=\"async\" width=\"300\" height=\"225\" src=\"https:\/\/www.nordharz.net\/elternhilfewp\/wp-content\/uploads\/2016\/10\/Bild-09.bearbeitet-300x225.jpg\" class=\"attachment-medium size-medium\" alt=\"Bild 09 bearbeitet 300x225\" srcset=\"https:\/\/www.nordharz.net\/elternhilfewp\/wp-content\/uploads\/2016\/10\/Bild-09.bearbeitet-300x225.jpg 300w, https:\/\/www.nordharz.net\/elternhilfewp\/wp-content\/uploads\/2016\/10\/Bild-09.bearbeitet-768x576.jpg 768w, https:\/\/www.nordharz.net\/elternhilfewp\/wp-content\/uploads\/2016\/10\/Bild-09.bearbeitet.jpg 800w\" sizes=\"auto, (max-width: 300px) 100vw, 300px\" loading=\"lazy\" \/><\/a>\n\t\t\t<\/div><\/figure><figure class='gallery-item'>\n\t\t\t<div class='gallery-icon landscape'>\n\t\t\t\t<a href='https:\/\/www.nordharz.net\/elternhilfewp\/wp-content\/uploads\/2016\/10\/Bild-10.bearbeitet.jpg'><img decoding=\"async\" width=\"300\" height=\"225\" src=\"https:\/\/www.nordharz.net\/elternhilfewp\/wp-content\/uploads\/2016\/10\/Bild-10.bearbeitet-300x225.jpg\" class=\"attachment-medium size-medium\" alt=\"Bild 10 bearbeitet 300x225\" srcset=\"https:\/\/www.nordharz.net\/elternhilfewp\/wp-content\/uploads\/2016\/10\/Bild-10.bearbeitet-300x225.jpg 300w, https:\/\/www.nordharz.net\/elternhilfewp\/wp-content\/uploads\/2016\/10\/Bild-10.bearbeitet-768x576.jpg 768w, https:\/\/www.nordharz.net\/elternhilfewp\/wp-content\/uploads\/2016\/10\/Bild-10.bearbeitet.jpg 800w\" sizes=\"auto, (max-width: 300px) 100vw, 300px\" loading=\"lazy\" \/><\/a>\n\t\t\t<\/div><\/figure>\n\t\t<\/div>\n\n<p>Gutscheinaktionen von Silvies D\u00e4nischen Eisspezialit\u00e4ten, dem Landhof-Stand und der Linda-Apotheke runden das Angebot ab.<\/p>\n<p>Von November 2006 bis November 2011 konnte die Gesamtspendensumme von 39.323,50 \u20ac \u00fcberreicht werden. Die Elternhilfe ist immer schon ganz gl\u00fccklich, wenn in Goslar ein Termin ansteht.<\/p>\n<p>Diese tolle Leistung k\u00f6nnen wir jedoch nur erbringen, wenn wir gen\u00fcgend Torten- und Kuchenspenden, Handarbeiten, Basteleien und gut erhaltene Flohmarktartikel bekommen. Auch Hilfe vor Ort wird an den Aktionstagen immer mehr ben\u00f6tigt.<\/p>\n<p>Wie erkl\u00e4rt sich unser Erfolg?<\/p>\n<p>Unsere Kunden und G\u00e4ste wissen, dass wir jeden Cent, den wir einnehmen, direkt weiterleiten. Wir entnehmen kein Geld f\u00fcr Materialien o.\u00e4. aus den Spendengeldern. Alle Torten, Salate, Kuchen, Bastelein und Handarbeiten werden von den Spendern voll finanziert. Bei einigen der Spender kommen da ganz sch\u00f6n hohe Summen zusammen. Wenn uns Dinge vom Flohmarkt gefallen, kaufen wir diese zu den von unserer Kollegin vorgegebenen Preisen.<\/p>\n<p>Die Finanzierung der Elternhilfe ist transparent, nur ein ganz kleiner Teil der Ein-nahmen geht f\u00fcr Verwaltungsgeb\u00fchren drauf. Und&#8230;.. wir tun etwas f\u00fcr Kinder aus unserer Region, denn die schwer erkrankten Kinder aus Goslar und dem Harz werden auch in G\u00f6ttingen behandelt.<\/p>\n<p>Die Auflistung unserer Einnahmen sowie die Spendenbelege k\u00f6nnen bei jeder Atkion eingesehen werden. Ebenso liegt immer eine Fotomappe, in der die Entwicklung unserer Aktion dokumentiert wird, zur Einsicht aus.<\/p>\n<p>In jedem Sommer besuchen wir einige Male in kleinen Gruppen das Elternhaus. Wir sind jedes Mal erstaunt, wie viel Neues wir noch erfahren. Gern k\u00f6nnen Interessierte au\u00dferhalb des Helferkreises mitfahren.<\/p>\n<p>Von Jahr zu Jahr ben\u00f6tigen wir mehr Unterst\u00fctzung durch unsere Familien, Freunde, Bekannte und auch deren Freundes- und Bekanntenkreis.<\/p>\n<p>Wollen auch Sie uns unterst\u00fctzen und helfen? M\u00f6chten auch Sie das Elternhaus besuchen? Oder haben Sie tolle Ideen, die wir verwirklichen k\u00f6nnen? Dann melden Sie sich bitte unter 05321 &#8211; 33 07 14 oder einfach im real,- Goslar an der Information.<\/p>\n<\/div><div class=\"clear\"><\/div>\n","protected":false},"excerpt":{"rendered":"<p>Aktionscafes zu Gunsten der Stiftung Elternhaus an der Universit\u00e4tskinderklinik G\u00f6ttingen<\/p>\n","protected":false},"author":1,"featured_media":0,"parent":0,"menu_order":0,"comment_status":"closed","ping_status":"closed","template":"","meta":{"footnotes":""},"class_list":["post-451","page","type-page","status-publish",""],"_links":{"self":[{"href":"https:\/\/www.nordharz.net\/elternhilfewp\/wp-json\/wp\/v2\/pages\/451","targetHints":{"allow":["GET"]}}],"collection":[{"href":"https:\/\/www.nordharz.net\/elternhilfewp\/wp-json\/wp\/v2\/pages"}],"about":[{"href":"https:\/\/www.nordharz.net\/elternhilfewp\/wp-json\/wp\/v2\/types\/page"}],"author":[{"embeddable":true,"href":"https:\/\/www.nordharz.net\/elternhilfewp\/wp-json\/wp\/v2\/users\/1"}],"replies":[{"embeddable":true,"href":"https:\/\/www.nordharz.net\/elternhilfewp\/wp-json\/wp\/v2\/comments?post=451"}],"version-history":[{"count":18,"href":"https:\/\/www.nordharz.net\/elternhilfewp\/wp-json\/wp\/v2\/pages\/451\/revisions"}],"predecessor-version":[{"id":654,"href":"https:\/\/www.nordharz.net\/elternhilfewp\/wp-json\/wp\/v2\/pages\/451\/revisions\/654"}],"wp:attachment":[{"href":"https:\/\/www.nordharz.net\/elternhilfewp\/wp-json\/wp\/v2\/media?parent=451"}],"curies":[{"name":"wp","href":"https:\/\/api.w.org\/{rel}","templated":true}]}}